{"id":281,"date":"2023-06-11T16:42:19","date_gmt":"2023-06-11T14:42:19","guid":{"rendered":"https:\/\/www.eurofeed.tech\/?page_id=281"},"modified":"2023-06-22T23:00:00","modified_gmt":"2023-06-22T21:00:00","slug":"service-it","status":"publish","type":"page","link":"https:\/\/www.eurofeed.tech\/?page_id=281&lang=it","title":{"rendered":"Service"},"content":{"rendered":"\t\t<div data-elementor-type=\"wp-page\" data-elementor-id=\"281\" class=\"elementor elementor-281\" data-elementor-post-type=\"page\">\n\t\t\t\t\t\t\t<div class=\"elementor-element elementor-element-0dd616e e-con-full e-flex e-con\" data-id=\"0dd616e\" data-element_type=\"container\" data-settings=\"{&quot;content_width&quot;:&quot;full&quot;,&quot;background_background&quot;:&quot;classic&quot;}\" data-e-bg-lazyload=\"\">\n\t\t\t\t<\/div>\n\t\t<div class=\"elementor-element elementor-element-ce2d089 e-con-boxed e-flex e-con\" data-id=\"ce2d089\" data-element_type=\"container\" data-settings=\"{&quot;content_width&quot;:&quot;boxed&quot;}\">\n\t\t\t\t\t<div class=\"e-con-inner\">\n\t\t\t\t<div class=\"elementor-element elementor-element-e5640b4 elementor-widget elementor-widget-heading\" data-id=\"e5640b4\" data-element_type=\"widget\" data-widget_type=\"heading.default\">\n\t\t\t\t<div class=\"elementor-widget-container\">\n\t\t\t<style>\/*! elementor - v3.13.3 - 28-05-2023 *\/\n.elementor-heading-title{padding:0;margin:0;line-height:1}.elementor-widget-heading .elementor-heading-title[class*=elementor-size-]>a{color:inherit;font-size:inherit;line-height:inherit}.elementor-widget-heading .elementor-heading-title.elementor-size-small{font-size:15px}.elementor-widget-heading .elementor-heading-title.elementor-size-medium{font-size:19px}.elementor-widget-heading .elementor-heading-title.elementor-size-large{font-size:29px}.elementor-widget-heading .elementor-heading-title.elementor-size-xl{font-size:39px}.elementor-widget-heading .elementor-heading-title.elementor-size-xxl{font-size:59px}<\/style><h1 class=\"elementor-heading-title elementor-size-default\">STABILIAMO PARTNERSHIP DI VALORE CON TUTTI I NOSTRI CLIENTI<br>\nAIUTANDOLI CONCRETAMENTE A SVILUPPARE IL LORO BUSINESS<\/h1>\t\t<\/div>\n\t\t\t\t<\/div>\n\t\t\t\t\t<\/div>\n\t\t\t\t<\/div>\n\t\t<div class=\"elementor-element elementor-element-d2fe7a7 e-con-boxed e-flex e-con\" data-id=\"d2fe7a7\" data-element_type=\"container\" data-settings=\"{&quot;background_background&quot;:&quot;classic&quot;,&quot;content_width&quot;:&quot;boxed&quot;}\">\n\t\t\t\t\t<div class=\"e-con-inner\">\n\t\t<div class=\"elementor-element elementor-element-9958068 e-con-full e-flex e-con\" data-id=\"9958068\" data-element_type=\"container\" data-settings=\"{&quot;content_width&quot;:&quot;full&quot;}\">\n\t\t\t\t<div class=\"elementor-element elementor-element-1f528ca elementor-widget elementor-widget-text-editor\" data-id=\"1f528ca\" data-element_type=\"widget\" data-widget_type=\"text-editor.default\">\n\t\t\t\t<div class=\"elementor-widget-container\">\n\t\t\t<style>\/*! elementor - v3.13.3 - 28-05-2023 *\/\n.elementor-widget-text-editor.elementor-drop-cap-view-stacked .elementor-drop-cap{background-color:#69727d;color:#fff}.elementor-widget-text-editor.elementor-drop-cap-view-framed .elementor-drop-cap{color:#69727d;border:3px solid;background-color:transparent}.elementor-widget-text-editor:not(.elementor-drop-cap-view-default) .elementor-drop-cap{margin-top:8px}.elementor-widget-text-editor:not(.elementor-drop-cap-view-default) .elementor-drop-cap-letter{width:1em;height:1em}.elementor-widget-text-editor .elementor-drop-cap{float:left;text-align:center;line-height:1;font-size:50px}.elementor-widget-text-editor .elementor-drop-cap-letter{display:inline-block}<\/style>\t\t\t\t<p>Guidati dalla passione che ci contraddistingue siamo diventati leader in Italia nel settore della produzione di premiscelati di oligoelementi organici.<br \/>Abbiamo formato un team con una profonda conoscenza del mercato e del prodotto con l\u2019obiettivo di fornire <strong>risposte concrete e reali al cliente<\/strong>.<\/p>\t\t\t\t\t\t<\/div>\n\t\t\t\t<\/div>\n\t\t\t\t<\/div>\n\t\t<div class=\"elementor-element elementor-element-70f32fe e-con-full e-flex e-con\" data-id=\"70f32fe\" data-element_type=\"container\" data-settings=\"{&quot;content_width&quot;:&quot;full&quot;}\">\n\t\t\t\t<\/div>\n\t\t<div class=\"elementor-element elementor-element-7f4ca02 e-con-full e-flex e-con\" data-id=\"7f4ca02\" data-element_type=\"container\" data-settings=\"{&quot;content_width&quot;:&quot;full&quot;}\">\n\t\t\t\t<\/div>\n\t\t\t\t\t<\/div>\n\t\t\t\t<\/div>\n\t\t<div class=\"elementor-element elementor-element-d80c943 e-con-full e-flex e-con\" data-id=\"d80c943\" data-element_type=\"container\" data-settings=\"{&quot;content_width&quot;:&quot;full&quot;,&quot;background_background&quot;:&quot;classic&quot;}\">\n\t\t<div class=\"elementor-element elementor-element-d39e176 e-con-full e-flex e-con\" data-id=\"d39e176\" data-element_type=\"container\" data-settings=\"{&quot;content_width&quot;:&quot;full&quot;}\">\n\t\t\t\t<div class=\"elementor-element elementor-element-d5ffc9b elementor-widget elementor-widget-image\" data-id=\"d5ffc9b\" data-element_type=\"widget\" data-widget_type=\"image.default\">\n\t\t\t\t<div class=\"elementor-widget-container\">\n\t\t\t<style>\/*! elementor - v3.13.3 - 28-05-2023 *\/\n.elementor-widget-image{text-align:center}.elementor-widget-image a{display:inline-block}.elementor-widget-image a img[src$=\".svg\"]{width:48px}.elementor-widget-image img{vertical-align:middle;display:inline-block}<\/style>\t\t\t\t\t\t\t\t\t\t\t\t<img loading=\"lazy\" decoding=\"async\" width=\"800\" height=\"70\" src=\"https:\/\/www.eurofeed.tech\/wp-content\/uploads\/2023\/06\/strappo-down-1024x90.png\" class=\"attachment-large size-large wp-image-40\" alt=\"\" srcset=\"https:\/\/www.eurofeed.tech\/wp-content\/uploads\/2023\/06\/strappo-down-1024x90.png 1024w, https:\/\/www.eurofeed.tech\/wp-content\/uploads\/2023\/06\/strappo-down-300x26.png 300w, https:\/\/www.eurofeed.tech\/wp-content\/uploads\/2023\/06\/strappo-down-768x67.png 768w, https:\/\/www.eurofeed.tech\/wp-content\/uploads\/2023\/06\/strappo-down-1536x134.png 1536w, https:\/\/www.eurofeed.tech\/wp-content\/uploads\/2023\/06\/strappo-down-2048x179.png 2048w\" sizes=\"auto, (max-width: 800px) 100vw, 800px\" \/>\t\t\t\t\t\t\t\t\t\t\t\t\t\t\t<\/div>\n\t\t\t\t<\/div>\n\t\t\t\t<\/div>\n\t\t\t\t<\/div>\n\t\t<div class=\"elementor-element elementor-element-8b12c8d e-con-boxed e-flex e-con\" data-id=\"8b12c8d\" data-element_type=\"container\" data-settings=\"{&quot;content_width&quot;:&quot;boxed&quot;}\">\n\t\t\t\t\t<div class=\"e-con-inner\">\n\t\t\t\t<div class=\"elementor-element elementor-element-38498b0 elementor-widget elementor-widget-text-editor\" data-id=\"38498b0\" data-element_type=\"widget\" data-widget_type=\"text-editor.default\">\n\t\t\t\t<div class=\"elementor-widget-container\">\n\t\t\t\t\t\t\t<p>Vediamo questo lavoro come una vocazione. Il benessere degli animali \u00e8 una priorit\u00e0 cui intendiamo rispondere offrendo soluzioni mirate. Crediamo nella capacit\u00e0 dell\u2019uomo di costruire soluzioni, sappiamo immaginare un futuro in cui la natura continui ad essere il cuore pulsante del mondo, scegliamo la ricerca tecnologica sempre perch\u00e9 non ci siano mai limiti\u2026 solo orizzonti da esplorare.<\/p>\t\t\t\t\t\t<\/div>\n\t\t\t\t<\/div>\n\t\t\t\t\t<\/div>\n\t\t\t\t<\/div>\n\t\t<div class=\"elementor-element elementor-element-5914176 e-con-boxed e-flex e-con\" data-id=\"5914176\" data-element_type=\"container\" data-settings=\"{&quot;content_width&quot;:&quot;boxed&quot;}\">\n\t\t\t\t\t<div class=\"e-con-inner\">\n\t\t<div class=\"elementor-element elementor-element-f0cd7cf e-con-full e-flex e-con\" data-id=\"f0cd7cf\" data-element_type=\"container\" data-settings=\"{&quot;content_width&quot;:&quot;full&quot;}\">\n\t\t\t\t<div class=\"elementor-element elementor-element-4e7387c elementor-widget elementor-widget-image\" data-id=\"4e7387c\" data-element_type=\"widget\" data-widget_type=\"image.default\">\n\t\t\t\t<div class=\"elementor-widget-container\">\n\t\t\t\t\t\t\t\t\t\t\t\t\t\t\t<img loading=\"lazy\" decoding=\"async\" width=\"800\" height=\"450\" src=\"https:\/\/www.eurofeed.tech\/wp-content\/uploads\/2023\/06\/Service-analisi-1024x576.jpg\" class=\"attachment-large size-large wp-image-283\" alt=\"Eurofeed - analyses\" srcset=\"https:\/\/www.eurofeed.tech\/wp-content\/uploads\/2023\/06\/Service-analisi-1024x576.jpg 1024w, https:\/\/www.eurofeed.tech\/wp-content\/uploads\/2023\/06\/Service-analisi-300x169.jpg 300w, https:\/\/www.eurofeed.tech\/wp-content\/uploads\/2023\/06\/Service-analisi-768x432.jpg 768w, https:\/\/www.eurofeed.tech\/wp-content\/uploads\/2023\/06\/Service-analisi-1536x864.jpg 1536w, https:\/\/www.eurofeed.tech\/wp-content\/uploads\/2023\/06\/Service-analisi-2048x1152.jpg 2048w\" sizes=\"auto, (max-width: 800px) 100vw, 800px\" \/>\t\t\t\t\t\t\t\t\t\t\t\t\t\t\t<\/div>\n\t\t\t\t<\/div>\n\t\t\t\t<\/div>\n\t\t<div class=\"elementor-element elementor-element-5df047c e-con-full e-flex e-con\" data-id=\"5df047c\" data-element_type=\"container\" data-settings=\"{&quot;content_width&quot;:&quot;full&quot;}\">\n\t\t\t\t<div class=\"elementor-element elementor-element-f620adc elementor-position-left elementor-vertical-align-middle check-icon elementor-view-default elementor-mobile-position-top elementor-widget elementor-widget-icon-box\" data-id=\"f620adc\" data-element_type=\"widget\" data-widget_type=\"icon-box.default\">\n\t\t\t\t<div class=\"elementor-widget-container\">\n\t\t\t<link rel=\"stylesheet\" href=\"https:\/\/www.eurofeed.tech\/wp-content\/uploads\/elementor\/css\/custom-widget-icon-box.min.css?ver=1688035213\">\t\t<div class=\"elementor-icon-box-wrapper\">\n\t\t\t\t\t\t<div class=\"elementor-icon-box-icon\">\n\t\t\t\t<span class=\"elementor-icon elementor-animation-\" >\n\t\t\t\t<svg xmlns=\"http:\/\/www.w3.org\/2000\/svg\" width=\"79\" height=\"79\" viewBox=\"0 0 79 79\" fill=\"none\"><circle cx=\"39.5\" cy=\"39.5\" r=\"39.5\" fill=\"white\"><\/circle><path d=\"M60 40C60 51.0457 51.0457 60 40 60C28.9543 60 20 51.0457 20 40C20 28.9543 28.9543 20 40 20M30.4545 36.8182L38.6364 45L58.1818 25.9091\" stroke=\"#006529\" stroke-width=\"4\" stroke-linecap=\"round\"><\/path><\/svg>\t\t\t\t<\/span>\n\t\t\t<\/div>\n\t\t\t\t\t\t<div class=\"elementor-icon-box-content\">\n\t\t\t\t<h3 class=\"elementor-icon-box-title\">\n\t\t\t\t\t<span  >\n\t\t\t\t\t\tANALISI\t\t\t\t\t<\/span>\n\t\t\t\t<\/h3>\n\t\t\t\t\t\t\t\t\t<p class=\"elementor-icon-box-description\">\n\t\t\t\t\t\tOgni campione analizzato \u00e8 affidato a laboratori specializzati e certificati. I nostri clienti possono contare su regimi di test conformi alle pi\u00f9 recenti normative di settore.\t\t\t\t\t<\/p>\n\t\t\t\t\t\t\t<\/div>\n\t\t<\/div>\n\t\t\t\t<\/div>\n\t\t\t\t<\/div>\n\t\t\t\t<\/div>\n\t\t\t\t\t<\/div>\n\t\t\t\t<\/div>\n\t\t<div class=\"elementor-element elementor-element-7a48bd8 e-con-boxed e-flex e-con\" data-id=\"7a48bd8\" data-element_type=\"container\" data-settings=\"{&quot;content_width&quot;:&quot;boxed&quot;}\">\n\t\t\t\t\t<div class=\"e-con-inner\">\n\t\t<div class=\"elementor-element elementor-element-9f7d795 e-con-full e-flex e-con\" data-id=\"9f7d795\" data-element_type=\"container\" data-settings=\"{&quot;content_width&quot;:&quot;full&quot;}\">\n\t\t\t\t<div class=\"elementor-element elementor-element-e78c500 elementor-widget elementor-widget-image\" data-id=\"e78c500\" data-element_type=\"widget\" data-widget_type=\"image.default\">\n\t\t\t\t<div class=\"elementor-widget-container\">\n\t\t\t\t\t\t\t\t\t\t\t\t\t\t\t<img loading=\"lazy\" decoding=\"async\" width=\"800\" height=\"450\" src=\"https:\/\/www.eurofeed.tech\/wp-content\/uploads\/2023\/06\/Service-consulenza-1024x576.jpg\" class=\"attachment-large size-large wp-image-286\" alt=\"Eurofeed - Advice service\" srcset=\"https:\/\/www.eurofeed.tech\/wp-content\/uploads\/2023\/06\/Service-consulenza-1024x576.jpg 1024w, https:\/\/www.eurofeed.tech\/wp-content\/uploads\/2023\/06\/Service-consulenza-300x169.jpg 300w, https:\/\/www.eurofeed.tech\/wp-content\/uploads\/2023\/06\/Service-consulenza-768x432.jpg 768w, https:\/\/www.eurofeed.tech\/wp-content\/uploads\/2023\/06\/Service-consulenza-1536x864.jpg 1536w, https:\/\/www.eurofeed.tech\/wp-content\/uploads\/2023\/06\/Service-consulenza-2048x1152.jpg 2048w\" sizes=\"auto, (max-width: 800px) 100vw, 800px\" \/>\t\t\t\t\t\t\t\t\t\t\t\t\t\t\t<\/div>\n\t\t\t\t<\/div>\n\t\t\t\t<\/div>\n\t\t<div class=\"elementor-element elementor-element-1b2878c e-con-full e-flex e-con\" data-id=\"1b2878c\" data-element_type=\"container\" data-settings=\"{&quot;content_width&quot;:&quot;full&quot;}\">\n\t\t\t\t<div class=\"elementor-element elementor-element-25a3b7b elementor-position-left elementor-vertical-align-middle check-icon elementor-view-default elementor-mobile-position-top elementor-widget elementor-widget-icon-box\" data-id=\"25a3b7b\" data-element_type=\"widget\" data-widget_type=\"icon-box.default\">\n\t\t\t\t<div class=\"elementor-widget-container\">\n\t\t\t\t\t<div class=\"elementor-icon-box-wrapper\">\n\t\t\t\t\t\t<div class=\"elementor-icon-box-icon\">\n\t\t\t\t<span class=\"elementor-icon elementor-animation-\" >\n\t\t\t\t<svg xmlns=\"http:\/\/www.w3.org\/2000\/svg\" width=\"79\" height=\"79\" viewBox=\"0 0 79 79\" fill=\"none\"><circle cx=\"39.5\" cy=\"39.5\" r=\"39.5\" fill=\"white\"><\/circle><path d=\"M60 40C60 51.0457 51.0457 60 40 60C28.9543 60 20 51.0457 20 40C20 28.9543 28.9543 20 40 20M30.4545 36.8182L38.6364 45L58.1818 25.9091\" stroke=\"#006529\" stroke-width=\"4\" stroke-linecap=\"round\"><\/path><\/svg>\t\t\t\t<\/span>\n\t\t\t<\/div>\n\t\t\t\t\t\t<div class=\"elementor-icon-box-content\">\n\t\t\t\t<h3 class=\"elementor-icon-box-title\">\n\t\t\t\t\t<span  >\n\t\t\t\t\t\tCONSULENZA\t\t\t\t\t<\/span>\n\t\t\t\t<\/h3>\n\t\t\t\t\t\t\t\t\t<p class=\"elementor-icon-box-description\">\n\t\t\t\t\t\tIl nostro staff assicura consulenza dedicata presso la nostra azienda o la sede del cliente con un unico obiettivo: formulare la dieta migliore per ogni specie animale.\t\t\t\t\t<\/p>\n\t\t\t\t\t\t\t<\/div>\n\t\t<\/div>\n\t\t\t\t<\/div>\n\t\t\t\t<\/div>\n\t\t\t\t<\/div>\n\t\t\t\t\t<\/div>\n\t\t\t\t<\/div>\n\t\t<div class=\"elementor-element elementor-element-4566dcc e-con-boxed e-flex e-con\" data-id=\"4566dcc\" data-element_type=\"container\" data-settings=\"{&quot;content_width&quot;:&quot;boxed&quot;}\">\n\t\t\t\t\t<div class=\"e-con-inner\">\n\t\t<div class=\"elementor-element elementor-element-42b75c0 e-con-full e-flex e-con\" data-id=\"42b75c0\" data-element_type=\"container\" data-settings=\"{&quot;content_width&quot;:&quot;full&quot;}\">\n\t\t\t\t<div class=\"elementor-element elementor-element-7007bee elementor-widget elementor-widget-image\" data-id=\"7007bee\" data-element_type=\"widget\" data-widget_type=\"image.default\">\n\t\t\t\t<div class=\"elementor-widget-container\">\n\t\t\t\t\t\t\t\t\t\t\t\t\t\t\t<img loading=\"lazy\" decoding=\"async\" width=\"800\" height=\"450\" src=\"https:\/\/www.eurofeed.tech\/wp-content\/uploads\/2023\/06\/service-formazione-1024x576.jpg\" class=\"attachment-large size-large wp-image-287\" alt=\"Eurofeed - training\" srcset=\"https:\/\/www.eurofeed.tech\/wp-content\/uploads\/2023\/06\/service-formazione-1024x576.jpg 1024w, https:\/\/www.eurofeed.tech\/wp-content\/uploads\/2023\/06\/service-formazione-300x169.jpg 300w, https:\/\/www.eurofeed.tech\/wp-content\/uploads\/2023\/06\/service-formazione-768x432.jpg 768w, https:\/\/www.eurofeed.tech\/wp-content\/uploads\/2023\/06\/service-formazione-1536x864.jpg 1536w, https:\/\/www.eurofeed.tech\/wp-content\/uploads\/2023\/06\/service-formazione-2048x1152.jpg 2048w\" sizes=\"auto, (max-width: 800px) 100vw, 800px\" \/>\t\t\t\t\t\t\t\t\t\t\t\t\t\t\t<\/div>\n\t\t\t\t<\/div>\n\t\t\t\t<\/div>\n\t\t<div class=\"elementor-element elementor-element-646b1ea e-con-full e-flex e-con\" data-id=\"646b1ea\" data-element_type=\"container\" data-settings=\"{&quot;content_width&quot;:&quot;full&quot;}\">\n\t\t\t\t<div class=\"elementor-element elementor-element-410d0aa elementor-position-left elementor-vertical-align-middle check-icon elementor-view-default elementor-mobile-position-top elementor-widget elementor-widget-icon-box\" data-id=\"410d0aa\" data-element_type=\"widget\" data-widget_type=\"icon-box.default\">\n\t\t\t\t<div class=\"elementor-widget-container\">\n\t\t\t\t\t<div class=\"elementor-icon-box-wrapper\">\n\t\t\t\t\t\t<div class=\"elementor-icon-box-icon\">\n\t\t\t\t<span class=\"elementor-icon elementor-animation-\" >\n\t\t\t\t<svg xmlns=\"http:\/\/www.w3.org\/2000\/svg\" width=\"79\" height=\"79\" viewBox=\"0 0 79 79\" fill=\"none\"><circle cx=\"39.5\" cy=\"39.5\" r=\"39.5\" fill=\"white\"><\/circle><path d=\"M60 40C60 51.0457 51.0457 60 40 60C28.9543 60 20 51.0457 20 40C20 28.9543 28.9543 20 40 20M30.4545 36.8182L38.6364 45L58.1818 25.9091\" stroke=\"#006529\" stroke-width=\"4\" stroke-linecap=\"round\"><\/path><\/svg>\t\t\t\t<\/span>\n\t\t\t<\/div>\n\t\t\t\t\t\t<div class=\"elementor-icon-box-content\">\n\t\t\t\t<h3 class=\"elementor-icon-box-title\">\n\t\t\t\t\t<span  >\n\t\t\t\t\t\tFORMAZIONE\t\t\t\t\t<\/span>\n\t\t\t\t<\/h3>\n\t\t\t\t\t\t\t\t\t<p class=\"elementor-icon-box-description\">\n\t\t\t\t\t\tPossiamo occuparci della formazione del vostro personale sul corretto utilizzo dei prodotti.\t\t\t\t\t<\/p>\n\t\t\t\t\t\t\t<\/div>\n\t\t<\/div>\n\t\t\t\t<\/div>\n\t\t\t\t<\/div>\n\t\t\t\t<\/div>\n\t\t\t\t\t<\/div>\n\t\t\t\t<\/div>\n\t\t<div class=\"elementor-element elementor-element-fe431c2 e-con-boxed e-flex e-con\" data-id=\"fe431c2\" data-element_type=\"container\" data-settings=\"{&quot;content_width&quot;:&quot;boxed&quot;}\">\n\t\t\t\t\t<div class=\"e-con-inner\">\n\t\t<div class=\"elementor-element elementor-element-69b22a7 e-con-full e-flex e-con\" data-id=\"69b22a7\" data-element_type=\"container\" data-settings=\"{&quot;content_width&quot;:&quot;full&quot;}\">\n\t\t\t\t<div class=\"elementor-element elementor-element-2ff86b7 elementor-widget elementor-widget-image\" data-id=\"2ff86b7\" data-element_type=\"widget\" data-widget_type=\"image.default\">\n\t\t\t\t<div class=\"elementor-widget-container\">\n\t\t\t\t\t\t\t\t\t\t\t\t\t\t\t<img loading=\"lazy\" decoding=\"async\" width=\"800\" height=\"448\" src=\"https:\/\/www.eurofeed.tech\/wp-content\/uploads\/2023\/06\/Service-trasparenza-1024x573.jpg\" class=\"attachment-large size-large wp-image-288\" alt=\"\" srcset=\"https:\/\/www.eurofeed.tech\/wp-content\/uploads\/2023\/06\/Service-trasparenza-1024x573.jpg 1024w, https:\/\/www.eurofeed.tech\/wp-content\/uploads\/2023\/06\/Service-trasparenza-300x168.jpg 300w, https:\/\/www.eurofeed.tech\/wp-content\/uploads\/2023\/06\/Service-trasparenza-768x429.jpg 768w, https:\/\/www.eurofeed.tech\/wp-content\/uploads\/2023\/06\/Service-trasparenza-1536x859.jpg 1536w, https:\/\/www.eurofeed.tech\/wp-content\/uploads\/2023\/06\/Service-trasparenza-2048x1145.jpg 2048w\" sizes=\"auto, (max-width: 800px) 100vw, 800px\" \/>\t\t\t\t\t\t\t\t\t\t\t\t\t\t\t<\/div>\n\t\t\t\t<\/div>\n\t\t\t\t<\/div>\n\t\t<div class=\"elementor-element elementor-element-c2f5110 e-con-full e-flex e-con\" data-id=\"c2f5110\" data-element_type=\"container\" data-settings=\"{&quot;content_width&quot;:&quot;full&quot;}\">\n\t\t\t\t<div class=\"elementor-element elementor-element-825f78d elementor-position-left elementor-vertical-align-middle check-icon elementor-view-default elementor-mobile-position-top elementor-widget elementor-widget-icon-box\" data-id=\"825f78d\" data-element_type=\"widget\" data-widget_type=\"icon-box.default\">\n\t\t\t\t<div class=\"elementor-widget-container\">\n\t\t\t\t\t<div class=\"elementor-icon-box-wrapper\">\n\t\t\t\t\t\t<div class=\"elementor-icon-box-icon\">\n\t\t\t\t<span class=\"elementor-icon elementor-animation-\" >\n\t\t\t\t<svg xmlns=\"http:\/\/www.w3.org\/2000\/svg\" width=\"79\" height=\"79\" viewBox=\"0 0 79 79\" fill=\"none\"><circle cx=\"39.5\" cy=\"39.5\" r=\"39.5\" fill=\"white\"><\/circle><path d=\"M60 40C60 51.0457 51.0457 60 40 60C28.9543 60 20 51.0457 20 40C20 28.9543 28.9543 20 40 20M30.4545 36.8182L38.6364 45L58.1818 25.9091\" stroke=\"#006529\" stroke-width=\"4\" stroke-linecap=\"round\"><\/path><\/svg>\t\t\t\t<\/span>\n\t\t\t<\/div>\n\t\t\t\t\t\t<div class=\"elementor-icon-box-content\">\n\t\t\t\t<h3 class=\"elementor-icon-box-title\">\n\t\t\t\t\t<span  >\n\t\t\t\t\t\tTRASPARENZA\t\t\t\t\t<\/span>\n\t\t\t\t<\/h3>\n\t\t\t\t\t\t\t\t\t<p class=\"elementor-icon-box-description\">\n\t\t\t\t\t\tInformiamo sempre sui risultati delle prove dei nostri prodotti in tutto il mondo.\t\t\t\t\t<\/p>\n\t\t\t\t\t\t\t<\/div>\n\t\t<\/div>\n\t\t\t\t<\/div>\n\t\t\t\t<\/div>\n\t\t\t\t<\/div>\n\t\t\t\t\t<\/div>\n\t\t\t\t<\/div>\n\t\t<div class=\"elementor-element elementor-element-adbe29c e-con-boxed e-flex e-con\" data-id=\"adbe29c\" data-element_type=\"container\" data-settings=\"{&quot;content_width&quot;:&quot;boxed&quot;}\">\n\t\t\t\t\t<div class=\"e-con-inner\">\n\t\t<div class=\"elementor-element elementor-element-75633c2 e-con-full e-flex e-con\" data-id=\"75633c2\" data-element_type=\"container\" data-settings=\"{&quot;content_width&quot;:&quot;full&quot;}\">\n\t\t\t\t<div class=\"elementor-element elementor-element-ee146a6 elementor-widget elementor-widget-image\" data-id=\"ee146a6\" data-element_type=\"widget\" data-widget_type=\"image.default\">\n\t\t\t\t<div class=\"elementor-widget-container\">\n\t\t\t\t\t\t\t\t\t\t\t\t\t\t\t<img loading=\"lazy\" decoding=\"async\" width=\"1263\" height=\"672\" src=\"https:\/\/www.eurofeed.tech\/wp-content\/uploads\/2023\/06\/Service-cooperazioni.jpg\" class=\"attachment-full size-full wp-image-291\" alt=\"\" srcset=\"https:\/\/www.eurofeed.tech\/wp-content\/uploads\/2023\/06\/Service-cooperazioni.jpg 1263w, https:\/\/www.eurofeed.tech\/wp-content\/uploads\/2023\/06\/Service-cooperazioni-300x160.jpg 300w, https:\/\/www.eurofeed.tech\/wp-content\/uploads\/2023\/06\/Service-cooperazioni-1024x545.jpg 1024w, https:\/\/www.eurofeed.tech\/wp-content\/uploads\/2023\/06\/Service-cooperazioni-768x409.jpg 768w\" sizes=\"auto, (max-width: 1263px) 100vw, 1263px\" \/>\t\t\t\t\t\t\t\t\t\t\t\t\t\t\t<\/div>\n\t\t\t\t<\/div>\n\t\t\t\t<\/div>\n\t\t<div class=\"elementor-element elementor-element-a20cd87 e-con-full e-flex e-con\" data-id=\"a20cd87\" data-element_type=\"container\" data-settings=\"{&quot;content_width&quot;:&quot;full&quot;}\">\n\t\t\t\t<div class=\"elementor-element elementor-element-86fd119 elementor-position-left elementor-vertical-align-middle check-icon elementor-view-default elementor-mobile-position-top elementor-widget elementor-widget-icon-box\" data-id=\"86fd119\" data-element_type=\"widget\" data-widget_type=\"icon-box.default\">\n\t\t\t\t<div class=\"elementor-widget-container\">\n\t\t\t\t\t<div class=\"elementor-icon-box-wrapper\">\n\t\t\t\t\t\t<div class=\"elementor-icon-box-icon\">\n\t\t\t\t<span class=\"elementor-icon elementor-animation-\" >\n\t\t\t\t<svg xmlns=\"http:\/\/www.w3.org\/2000\/svg\" width=\"79\" height=\"79\" viewBox=\"0 0 79 79\" fill=\"none\"><circle cx=\"39.5\" cy=\"39.5\" r=\"39.5\" fill=\"white\"><\/circle><path d=\"M60 40C60 51.0457 51.0457 60 40 60C28.9543 60 20 51.0457 20 40C20 28.9543 28.9543 20 40 20M30.4545 36.8182L38.6364 45L58.1818 25.9091\" stroke=\"#006529\" stroke-width=\"4\" stroke-linecap=\"round\"><\/path><\/svg>\t\t\t\t<\/span>\n\t\t\t<\/div>\n\t\t\t\t\t\t<div class=\"elementor-icon-box-content\">\n\t\t\t\t<h3 class=\"elementor-icon-box-title\">\n\t\t\t\t\t<span  >\n\t\t\t\t\t\tCOOPERAZIONI\t\t\t\t\t<\/span>\n\t\t\t\t<\/h3>\n\t\t\t\t\t\t\t\t\t<p class=\"elementor-icon-box-description\">\n\t\t\t\t\t\tCollaboriamo con il cliente nella formulazione di progetti sperimentali volti a risolvere problemi specifici o a validare la qualit\u00e0 dei prodotti Eurofeed.\t\t\t\t\t<\/p>\n\t\t\t\t\t\t\t<\/div>\n\t\t<\/div>\n\t\t\t\t<\/div>\n\t\t\t\t<\/div>\n\t\t\t\t<\/div>\n\t\t\t\t\t<\/div>\n\t\t\t\t<\/div>\n\t\t\t\t\t\t\t<\/div>\n\t\t","protected":false},"excerpt":{"rendered":"<p>STABILIAMO PARTNERSHIP DI VALORE CON TUTTI I NOSTRI CLIENTI AIUTANDOLI CONCRETAMENTE A SVILUPPARE IL LORO BUSINESS Guidati dalla passione che ci contraddistingue siamo diventati leader in Italia nel settore della produzione di premiscelati di oligoelementi organici.Abbiamo formato un team con una profonda conoscenza del mercato e del prodotto con l\u2019obiettivo di fornire risposte concrete e [&hellip;]<\/p>\n","protected":false},"author":1,"featured_media":0,"parent":0,"menu_order":0,"comment_status":"closed","ping_status":"closed","template":"","meta":{"footnotes":""},"class_list":["post-281","page","type-page","status-publish","hentry"],"_links":{"self":[{"href":"https:\/\/www.eurofeed.tech\/index.php?rest_route=\/wp\/v2\/pages\/281","targetHints":{"allow":["GET"]}}],"collection":[{"href":"https:\/\/www.eurofeed.tech\/index.php?rest_route=\/wp\/v2\/pages"}],"about":[{"href":"https:\/\/www.eurofeed.tech\/index.php?rest_route=\/wp\/v2\/types\/page"}],"author":[{"embeddable":true,"href":"https:\/\/www.eurofeed.tech\/index.php?rest_route=\/wp\/v2\/users\/1"}],"replies":[{"embeddable":true,"href":"https:\/\/www.eurofeed.tech\/index.php?rest_route=%2Fwp%2Fv2%2Fcomments&post=281"}],"version-history":[{"count":40,"href":"https:\/\/www.eurofeed.tech\/index.php?rest_route=\/wp\/v2\/pages\/281\/revisions"}],"predecessor-version":[{"id":1573,"href":"https:\/\/www.eurofeed.tech\/index.php?rest_route=\/wp\/v2\/pages\/281\/revisions\/1573"}],"wp:attachment":[{"href":"https:\/\/www.eurofeed.tech\/index.php?rest_route=%2Fwp%2Fv2%2Fmedia&parent=281"}],"curies":[{"name":"wp","href":"https:\/\/api.w.org\/{rel}","templated":true}]}}