{"id":580,"date":"2023-06-15T17:33:43","date_gmt":"2023-06-15T17:33:43","guid":{"rendered":"https:\/\/www.eurofeed.tech\/?page_id=580"},"modified":"2023-06-22T23:50:38","modified_gmt":"2023-06-22T21:50:38","slug":"cleaning-disinfection","status":"publish","type":"page","link":"https:\/\/www.eurofeed.tech\/?page_id=580&lang=it","title":{"rendered":"Cleaning &#038; Disinfection"},"content":{"rendered":"\t\t<div data-elementor-type=\"wp-page\" data-elementor-id=\"580\" class=\"elementor elementor-580\" data-elementor-post-type=\"page\">\n\t\t\t\t\t\t\t<div class=\"elementor-element elementor-element-f7a24a0 e-con-full e-flex e-con\" data-id=\"f7a24a0\" data-element_type=\"container\" data-settings=\"{&quot;content_width&quot;:&quot;full&quot;,&quot;background_background&quot;:&quot;classic&quot;}\" data-e-bg-lazyload=\"\">\n\t\t\t\t<\/div>\n\t\t<div class=\"elementor-element elementor-element-7093439 e-con-boxed e-flex e-con\" data-id=\"7093439\" data-element_type=\"container\" data-settings=\"{&quot;content_width&quot;:&quot;boxed&quot;}\">\n\t\t\t\t\t<div class=\"e-con-inner\">\n\t\t\t\t<div class=\"elementor-element elementor-element-4686671 elementor-widget elementor-widget-heading\" data-id=\"4686671\" data-element_type=\"widget\" data-widget_type=\"heading.default\">\n\t\t\t\t<div class=\"elementor-widget-container\">\n\t\t\t<style>\/*! elementor - v3.13.3 - 28-05-2023 *\/\n.elementor-heading-title{padding:0;margin:0;line-height:1}.elementor-widget-heading .elementor-heading-title[class*=elementor-size-]>a{color:inherit;font-size:inherit;line-height:inherit}.elementor-widget-heading .elementor-heading-title.elementor-size-small{font-size:15px}.elementor-widget-heading .elementor-heading-title.elementor-size-medium{font-size:19px}.elementor-widget-heading .elementor-heading-title.elementor-size-large{font-size:29px}.elementor-widget-heading .elementor-heading-title.elementor-size-xl{font-size:39px}.elementor-widget-heading .elementor-heading-title.elementor-size-xxl{font-size:59px}<\/style><h1 class=\"elementor-heading-title elementor-size-default\">Cleaning & Disinfection<\/h1>\t\t<\/div>\n\t\t\t\t<\/div>\n\t\t\t\t<div class=\"elementor-element elementor-element-57b338a elementor-absolute elementor-view-default elementor-widget elementor-widget-icon\" data-id=\"57b338a\" data-element_type=\"widget\" data-settings=\"{&quot;_position&quot;:&quot;absolute&quot;}\" data-widget_type=\"icon.default\">\n\t\t\t\t<div class=\"elementor-widget-container\">\n\t\t\t\t\t<div class=\"elementor-icon-wrapper\">\n\t\t\t<div class=\"elementor-icon\">\n\t\t\t<svg xmlns=\"http:\/\/www.w3.org\/2000\/svg\" width=\"377\" height=\"377\" viewBox=\"0 0 377 377\" fill=\"none\"><g opacity=\"0.05\"><path d=\"M126.886 264.213C130.81 255.767 136.728 249.848 145.174 246.124C136.728 242.267 130.677 236.548 126.886 228.102C122.962 236.548 117.044 242.4 108.598 246.191C116.977 250.048 122.962 255.833 126.886 264.279M89.9773 244.727C91.0413 243.198 92.5709 242.732 94.4329 242.599C103.012 241.934 110.726 239.141 116.512 232.425C121.1 227.104 122.962 220.72 123.627 213.871C123.76 212.474 123.627 211.077 123.827 209.681C124.093 207.619 125.423 206.289 127.152 206.289C128.947 206.289 130.278 207.752 130.477 209.88C130.743 212.474 130.81 215.068 131.275 217.661C133.603 231.627 143.245 240.737 157.344 242.333C158.408 242.466 159.472 242.599 160.536 242.666C162.93 242.865 164.26 243.996 164.26 245.991C164.26 248.186 162.864 249.25 160.336 249.582C156.612 250.114 152.755 250.58 149.231 251.843C138.59 255.7 132.805 263.681 131.009 274.653C130.544 277.247 130.477 279.974 130.211 282.634C130.078 284.23 129.613 285.56 127.684 285.626C125.822 285.693 124.359 284.695 124.093 282.9C123.627 279.907 123.627 276.781 123.029 273.789C120.435 259.89 110.859 251.112 96.7605 249.582C95.896 249.516 95.0315 249.316 94.1669 249.316C92.2384 249.316 90.8418 248.518 90.0438 246.789V244.794L89.9773 244.727Z\" fill=\"white\"><\/path><path d=\"M192.457 202.366C212.208 209.016 225.708 221.385 232.225 241.535C235.417 231.627 240.139 223.513 247.055 216.797C254.038 210.08 262.351 205.624 271.86 202.299C252.176 195.649 238.609 183.346 232.159 163.129C225.641 183.346 212.141 195.582 192.457 202.299M232.292 135.199C234.154 135.199 235.284 136.662 235.484 138.856C235.816 143.245 236.016 147.634 236.614 152.024C239.873 175.499 255.168 192.058 278.378 197.245C282.301 198.11 286.424 198.376 290.414 198.908C291.079 198.974 291.744 199.041 292.343 199.24C294.138 199.839 295.336 201.435 295.003 202.964C294.604 204.76 293.407 205.624 291.611 205.824C287.621 206.289 283.631 206.489 279.708 207.353C267.205 210.013 256.365 215.666 248.186 225.708C241.469 233.888 238.011 243.464 236.614 253.838C236.082 257.762 236.016 261.685 235.75 265.609C235.617 267.139 235.284 268.535 233.821 269.333C231.56 270.464 229.299 268.868 229.1 266.008C228.9 262.949 228.9 259.89 228.567 256.831C227.171 243.73 222.981 231.826 213.538 222.25C205.225 213.804 194.851 209.082 183.28 206.954C180.154 206.356 176.962 206.223 173.77 205.89C170.711 205.624 169.381 204.56 169.514 202.299C169.58 200.238 171.11 199.041 173.903 198.974C183.346 198.575 192.324 196.247 200.77 191.858C213.538 185.142 221.651 174.701 225.841 161.068C228.035 153.886 228.7 146.57 228.9 139.122C228.9 136.595 230.297 135.199 232.292 135.265\" fill=\"white\"><\/path><path d=\"M156.147 113.053C152.157 121.433 146.304 127.418 138.457 130.876C141.849 133.337 145.573 135.531 148.566 138.457C151.558 141.45 153.886 145.174 156.479 148.499C160.07 140.652 166.056 134.866 174.368 131.076C166.056 127.218 159.937 121.632 156.147 113.053ZM193.454 130.876C193.454 133.27 192.124 134.401 189.597 134.733C186.871 135.066 184.144 135.265 181.484 135.93C169.314 139.255 162.265 147.302 160.137 159.738C159.671 162.331 159.605 165.058 159.339 167.718C159.206 169.447 158.408 170.644 156.546 170.777C154.817 170.91 153.354 169.713 153.154 167.785C152.755 164.659 152.622 161.533 152.09 158.474C149.962 145.706 140.12 136.462 127.285 134.866C126.021 134.733 124.758 134.534 123.494 134.467C120.834 134.334 119.305 133.204 119.238 131.209C119.172 129.147 120.701 127.883 123.494 127.75C128.083 127.484 132.472 126.487 136.595 124.492C145.972 119.97 150.827 112.189 152.423 102.147C152.755 99.8861 152.755 97.625 153.021 95.364C153.287 92.7704 154.484 91.5068 156.479 91.5068C158.474 91.5068 159.605 92.9699 159.738 95.5635C160.004 102.413 161.134 108.93 164.992 114.783C169.713 121.965 176.629 125.755 184.942 127.218C186.871 127.551 188.799 127.617 190.661 127.95C192.523 128.216 193.454 129.413 193.521 130.943\" fill=\"white\"><\/path><\/g><\/svg>\t\t\t<\/div>\n\t\t<\/div>\n\t\t\t\t<\/div>\n\t\t\t\t<\/div>\n\t\t\t\t\t<\/div>\n\t\t\t\t<\/div>\n\t\t<div class=\"elementor-element elementor-element-6c26cca e-con-boxed e-flex e-con\" data-id=\"6c26cca\" data-element_type=\"container\" data-settings=\"{&quot;background_background&quot;:&quot;classic&quot;,&quot;content_width&quot;:&quot;boxed&quot;}\">\n\t\t\t\t\t<div class=\"e-con-inner\">\n\t\t<div class=\"elementor-element elementor-element-02f9f02 e-con-full e-flex e-con\" data-id=\"02f9f02\" data-element_type=\"container\" data-settings=\"{&quot;content_width&quot;:&quot;full&quot;}\">\n\t\t\t\t<div class=\"elementor-element elementor-element-50d18e7 elementor-widget elementor-widget-text-editor\" data-id=\"50d18e7\" data-element_type=\"widget\" data-widget_type=\"text-editor.default\">\n\t\t\t\t<div class=\"elementor-widget-container\">\n\t\t\t<style>\/*! elementor - v3.13.3 - 28-05-2023 *\/\n.elementor-widget-text-editor.elementor-drop-cap-view-stacked .elementor-drop-cap{background-color:#69727d;color:#fff}.elementor-widget-text-editor.elementor-drop-cap-view-framed .elementor-drop-cap{color:#69727d;border:3px solid;background-color:transparent}.elementor-widget-text-editor:not(.elementor-drop-cap-view-default) .elementor-drop-cap{margin-top:8px}.elementor-widget-text-editor:not(.elementor-drop-cap-view-default) .elementor-drop-cap-letter{width:1em;height:1em}.elementor-widget-text-editor .elementor-drop-cap{float:left;text-align:center;line-height:1;font-size:50px}.elementor-widget-text-editor .elementor-drop-cap-letter{display:inline-block}<\/style>\t\t\t\t<p>La biosicurezza viene impiegata nelle aziende agricole e nelle industrie di rendering e pet food per creare le condizioni negli alloggi degli animali, nei processi di lavorazione delle farine e del prodotto finito volte a ridurre al minimo gli effetti negativi delle malattie, ottimizzando le prestazioni e il benessere degli animali e contribuendo a fornire sicurezza alimentare sia a livello microbiologico che organolettico.<\/p>\t\t\t\t\t\t<\/div>\n\t\t\t\t<\/div>\n\t\t\t\t<\/div>\n\t\t<div class=\"elementor-element elementor-element-e911757 e-con-full elementor-hidden-mobile e-flex e-con\" data-id=\"e911757\" data-element_type=\"container\" data-settings=\"{&quot;content_width&quot;:&quot;full&quot;}\">\n\t\t\t\t<\/div>\n\t\t<div class=\"elementor-element elementor-element-d76adad e-con-full elementor-hidden-mobile e-flex e-con\" data-id=\"d76adad\" data-element_type=\"container\" data-settings=\"{&quot;content_width&quot;:&quot;full&quot;}\">\n\t\t\t\t<\/div>\n\t\t\t\t\t<\/div>\n\t\t\t\t<\/div>\n\t\t<div class=\"elementor-element elementor-element-72a5b52 e-con-full e-flex e-con\" data-id=\"72a5b52\" data-element_type=\"container\" data-settings=\"{&quot;content_width&quot;:&quot;full&quot;,&quot;background_background&quot;:&quot;classic&quot;}\">\n\t\t<div class=\"elementor-element elementor-element-4e5c281 e-con-full e-flex e-con\" data-id=\"4e5c281\" data-element_type=\"container\" data-settings=\"{&quot;content_width&quot;:&quot;full&quot;}\">\n\t\t\t\t<div class=\"elementor-element elementor-element-ae6cb12 elementor-widget elementor-widget-image\" data-id=\"ae6cb12\" data-element_type=\"widget\" data-widget_type=\"image.default\">\n\t\t\t\t<div class=\"elementor-widget-container\">\n\t\t\t<style>\/*! elementor - v3.13.3 - 28-05-2023 *\/\n.elementor-widget-image{text-align:center}.elementor-widget-image a{display:inline-block}.elementor-widget-image a img[src$=\".svg\"]{width:48px}.elementor-widget-image img{vertical-align:middle;display:inline-block}<\/style>\t\t\t\t\t\t\t\t\t\t\t\t<img loading=\"lazy\" decoding=\"async\" width=\"800\" height=\"70\" src=\"https:\/\/www.eurofeed.tech\/wp-content\/uploads\/2023\/06\/strappo-down-1024x90.png\" class=\"attachment-large size-large wp-image-40\" alt=\"\" srcset=\"https:\/\/www.eurofeed.tech\/wp-content\/uploads\/2023\/06\/strappo-down-1024x90.png 1024w, https:\/\/www.eurofeed.tech\/wp-content\/uploads\/2023\/06\/strappo-down-300x26.png 300w, https:\/\/www.eurofeed.tech\/wp-content\/uploads\/2023\/06\/strappo-down-768x67.png 768w, https:\/\/www.eurofeed.tech\/wp-content\/uploads\/2023\/06\/strappo-down-1536x134.png 1536w, https:\/\/www.eurofeed.tech\/wp-content\/uploads\/2023\/06\/strappo-down-2048x179.png 2048w\" sizes=\"auto, (max-width: 800px) 100vw, 800px\" \/>\t\t\t\t\t\t\t\t\t\t\t\t\t\t\t<\/div>\n\t\t\t\t<\/div>\n\t\t\t\t<\/div>\n\t\t\t\t<\/div>\n\t\t<div class=\"elementor-element elementor-element-5be116d e-con-boxed e-flex e-con\" data-id=\"5be116d\" data-element_type=\"container\" data-settings=\"{&quot;content_width&quot;:&quot;boxed&quot;}\">\n\t\t\t\t\t<div class=\"e-con-inner\">\n\t\t\t\t<div class=\"elementor-element elementor-element-a2bd76c elementor-widget elementor-widget-text-editor\" data-id=\"a2bd76c\" data-element_type=\"widget\" data-widget_type=\"text-editor.default\">\n\t\t\t\t<div class=\"elementor-widget-container\">\n\t\t\t\t\t\t\t<p>La scarsa biosicurezza ha un impatto negativo su tutti gli aspetti della gestione e della produzione degli animali tra cui la crescita, il benessere, la somministrazione dei mangimi, la mortalit\u00e0.<\/p><p>La contaminazione microbica pu\u00f2 entrare nella fattoria da diverse vie: alimentazione, acqua, lettiera o giovani animali. \u00c8 indispensabile quindi creare un periodo di vuoto sanitario tra i vari cicli. L\u2019azienda deve essere curata rimuovendo tutte le possibili fonti di contaminazione. Gli agenti patogeni si nascondono sempre all\u2019interno dello sporco e della materia organica, per questo tutto il materiale rimanente deve essere rimosso attraverso il lavaggio.<\/p><p>Questo viene fatto attraverso l\u2019uso dell\u2019acqua con detergenti che staccano lo sporco\u00a0 e altre materie organiche dalle superfici. La fase di pulizia a umido \u00e8 quindi seguita dalla disinfezione.<\/p>\t\t\t\t\t\t<\/div>\n\t\t\t\t<\/div>\n\t\t\t\t\t<\/div>\n\t\t\t\t<\/div>\n\t\t<div class=\"elementor-element elementor-element-ae1c7ec e-con-boxed e-flex e-con\" data-id=\"ae1c7ec\" data-element_type=\"container\" data-settings=\"{&quot;content_width&quot;:&quot;boxed&quot;}\">\n\t\t\t\t\t<div class=\"e-con-inner\">\n\t\t<div class=\"elementor-element elementor-element-e226f23 e-con-full e-flex e-con\" data-id=\"e226f23\" data-element_type=\"container\" data-settings=\"{&quot;content_width&quot;:&quot;full&quot;}\">\n\t\t\t\t<div class=\"elementor-element elementor-element-7cac14b elementor-widget__width-auto underline-title elementor-widget elementor-widget-heading\" data-id=\"7cac14b\" data-element_type=\"widget\" data-widget_type=\"heading.default\">\n\t\t\t\t<div class=\"elementor-widget-container\">\n\t\t\t<h2 class=\"elementor-heading-title elementor-size-default\">Prodotti:<\/h2>\t\t<\/div>\n\t\t\t\t<\/div>\n\t\t\t\t<\/div>\n\t\t<div class=\"elementor-element elementor-element-fd18016 e-con-full e-grid e-con\" data-id=\"fd18016\" data-element_type=\"container\" data-settings=\"{&quot;content_width&quot;:&quot;full&quot;,&quot;grid_rows_grid&quot;:{&quot;unit&quot;:&quot;fr&quot;,&quot;size&quot;:1,&quot;sizes&quot;:[]},&quot;grid_columns_grid_tablet&quot;:{&quot;unit&quot;:&quot;fr&quot;,&quot;size&quot;:1,&quot;sizes&quot;:[]},&quot;grid_outline&quot;:&quot;yes&quot;,&quot;grid_columns_grid&quot;:{&quot;unit&quot;:&quot;fr&quot;,&quot;size&quot;:3,&quot;sizes&quot;:[]},&quot;grid_columns_grid_widescreen&quot;:{&quot;unit&quot;:&quot;fr&quot;,&quot;size&quot;:&quot;&quot;,&quot;sizes&quot;:[]},&quot;grid_columns_grid_laptop&quot;:{&quot;unit&quot;:&quot;fr&quot;,&quot;size&quot;:&quot;&quot;,&quot;sizes&quot;:[]},&quot;grid_columns_grid_tablet_extra&quot;:{&quot;unit&quot;:&quot;fr&quot;,&quot;size&quot;:&quot;&quot;,&quot;sizes&quot;:[]},&quot;grid_columns_grid_mobile_extra&quot;:{&quot;unit&quot;:&quot;fr&quot;,&quot;size&quot;:&quot;&quot;,&quot;sizes&quot;:[]},&quot;grid_columns_grid_mobile&quot;:{&quot;unit&quot;:&quot;fr&quot;,&quot;size&quot;:1,&quot;sizes&quot;:[]},&quot;grid_rows_grid_widescreen&quot;:{&quot;unit&quot;:&quot;fr&quot;,&quot;size&quot;:&quot;&quot;,&quot;sizes&quot;:[]},&quot;grid_rows_grid_laptop&quot;:{&quot;unit&quot;:&quot;fr&quot;,&quot;size&quot;:&quot;&quot;,&quot;sizes&quot;:[]},&quot;grid_rows_grid_tablet_extra&quot;:{&quot;unit&quot;:&quot;fr&quot;,&quot;size&quot;:&quot;&quot;,&quot;sizes&quot;:[]},&quot;grid_rows_grid_tablet&quot;:{&quot;unit&quot;:&quot;fr&quot;,&quot;size&quot;:&quot;&quot;,&quot;sizes&quot;:[]},&quot;grid_rows_grid_mobile_extra&quot;:{&quot;unit&quot;:&quot;fr&quot;,&quot;size&quot;:&quot;&quot;,&quot;sizes&quot;:[]},&quot;grid_rows_grid_mobile&quot;:{&quot;unit&quot;:&quot;fr&quot;,&quot;size&quot;:&quot;&quot;,&quot;sizes&quot;:[]}}\">\n\t\t<div class=\"elementor-element elementor-element-7c15744 e-con-boxed e-flex e-con\" data-id=\"7c15744\" data-element_type=\"container\" data-settings=\"{&quot;content_width&quot;:&quot;boxed&quot;}\">\n\t\t\t\t\t<div class=\"e-con-inner\">\n\t\t\t\t<div class=\"elementor-element elementor-element-0ee4932 elementor-widget elementor-widget-heading\" data-id=\"0ee4932\" data-element_type=\"widget\" data-widget_type=\"heading.default\">\n\t\t\t\t<div class=\"elementor-widget-container\">\n\t\t\t<h2 class=\"elementor-heading-title elementor-size-default\">ET QUATER-SAL <\/h2>\t\t<\/div>\n\t\t\t\t<\/div>\n\t\t\t\t<div class=\"elementor-element elementor-element-4accdc3 elementor-widget elementor-widget-text-editor\" data-id=\"4accdc3\" data-element_type=\"widget\" data-widget_type=\"text-editor.default\">\n\t\t\t\t<div class=\"elementor-widget-container\">\n\t\t\t\t\t\t\t<p>\u00c8 una formulazione di dimetil-didecil-ammonio cloruro, eco formulanti, caratterizzati da forti propriet\u00e0 detergenti, per il trattamento delle superfici.<\/p>\t\t\t\t\t\t<\/div>\n\t\t\t\t<\/div>\n\t\t\t\t\t<\/div>\n\t\t\t\t<\/div>\n\t\t<div class=\"elementor-element elementor-element-5f14c25 e-con-boxed e-flex e-con\" data-id=\"5f14c25\" data-element_type=\"container\" data-settings=\"{&quot;content_width&quot;:&quot;boxed&quot;}\">\n\t\t\t\t\t<div class=\"e-con-inner\">\n\t\t\t\t<div class=\"elementor-element elementor-element-cb27f6f elementor-widget elementor-widget-heading\" data-id=\"cb27f6f\" data-element_type=\"widget\" data-widget_type=\"heading.default\">\n\t\t\t\t<div class=\"elementor-widget-container\">\n\t\t\t<h2 class=\"elementor-heading-title elementor-size-default\">ET BRAND-CARE 35%<\/h2>\t\t<\/div>\n\t\t\t\t<\/div>\n\t\t\t\t<div class=\"elementor-element elementor-element-f996f2d elementor-widget elementor-widget-text-editor\" data-id=\"f996f2d\" data-element_type=\"widget\" data-widget_type=\"text-editor.default\">\n\t\t\t\t<div class=\"elementor-widget-container\">\n\t\t\t\t\t\t\t<p>Rimuove materiale come mucillagine, alghe, croste di polvere ecc., svolge un\u2019azione pulente in tutte le parti del sistema di abbeveraggio; \u00e8 biologicamente degradabile senza nessun periodo di sospensione, non \u00e8 corrosivo.<\/p>\t\t\t\t\t\t<\/div>\n\t\t\t\t<\/div>\n\t\t\t\t\t<\/div>\n\t\t\t\t<\/div>\n\t\t<div class=\"elementor-element elementor-element-4160023 e-con-boxed e-flex e-con\" data-id=\"4160023\" data-element_type=\"container\" data-settings=\"{&quot;content_width&quot;:&quot;boxed&quot;}\">\n\t\t\t\t\t<div class=\"e-con-inner\">\n\t\t\t\t<div class=\"elementor-element elementor-element-b172688 elementor-widget elementor-widget-heading\" data-id=\"b172688\" data-element_type=\"widget\" data-widget_type=\"heading.default\">\n\t\t\t\t<div class=\"elementor-widget-container\">\n\t\t\t<h2 class=\"elementor-heading-title elementor-size-default\">ET CAMYSAN 2,5%<\/h2>\t\t<\/div>\n\t\t\t\t<\/div>\n\t\t\t\t<div class=\"elementor-element elementor-element-6775b12 elementor-widget elementor-widget-text-editor\" data-id=\"6775b12\" data-element_type=\"widget\" data-widget_type=\"text-editor.default\">\n\t\t\t\t<div class=\"elementor-widget-container\">\n\t\t\t\t\t\t\t<p>Tutto in un&#8217;unica sicurezza Bio, il perfetto igienizzante multiuso per attrezzature, veicoli, sanificazione dell\u2019aria, distribuzione acqua e sistemi. \u00c8 un igienizzante in polvere multiuso che, sfruttando l\u2019effetto associativo delle sue componenti, abbina all\u2019azione detergente la capacit\u00e0 di produrre negli ambienti e attrezzature in cui viene utilizzato, condizioni distruttive per batteri, virus e funghi (grazie alla presenza di agenti ossidanti che agiscono in sinergia con altri ingredienti del prodotto). Vanta inoltre un\u2019ampia gamma di applicazioni.<\/p>\t\t\t\t\t\t<\/div>\n\t\t\t\t<\/div>\n\t\t\t\t\t<\/div>\n\t\t\t\t<\/div>\n\t\t<div class=\"elementor-element elementor-element-0f796ed e-con-boxed e-flex e-con\" data-id=\"0f796ed\" data-element_type=\"container\" data-settings=\"{&quot;content_width&quot;:&quot;boxed&quot;}\">\n\t\t\t\t\t<div class=\"e-con-inner\">\n\t\t\t\t<div class=\"elementor-element elementor-element-ac9ebb4 elementor-widget elementor-widget-heading\" data-id=\"ac9ebb4\" data-element_type=\"widget\" data-widget_type=\"heading.default\">\n\t\t\t\t<div class=\"elementor-widget-container\">\n\t\t\t<h2 class=\"elementor-heading-title elementor-size-default\">ET QUATER-GLU 5+5% <\/h2>\t\t<\/div>\n\t\t\t\t<\/div>\n\t\t\t\t<div class=\"elementor-element elementor-element-e06a7e8 elementor-widget elementor-widget-text-editor\" data-id=\"e06a7e8\" data-element_type=\"widget\" data-widget_type=\"text-editor.default\">\n\t\t\t\t<div class=\"elementor-widget-container\">\n\t\t\t\t\t\t\t<p>\u00c8 un biocida concentrato (un liquido verde, inodore, a pH neutro) a base di sali quaternari di ammonio (cloruro di didecil dimetil ammonio) e glutaraldeide, che sono noti per la loro propriet\u00e0 disinfettanti e igienizzanti.<\/p>\t\t\t\t\t\t<\/div>\n\t\t\t\t<\/div>\n\t\t\t\t\t<\/div>\n\t\t\t\t<\/div>\n\t\t<div class=\"elementor-element elementor-element-f7f6c50 e-con-boxed e-flex e-con\" data-id=\"f7f6c50\" data-element_type=\"container\" data-settings=\"{&quot;content_width&quot;:&quot;boxed&quot;}\">\n\t\t\t\t\t<div class=\"e-con-inner\">\n\t\t\t\t<div class=\"elementor-element elementor-element-e788e10 elementor-widget elementor-widget-heading\" data-id=\"e788e10\" data-element_type=\"widget\" data-widget_type=\"heading.default\">\n\t\t\t\t<div class=\"elementor-widget-container\">\n\t\t\t<h2 class=\"elementor-heading-title elementor-size-default\">ZEROG\u018eRM<\/h2>\t\t<\/div>\n\t\t\t\t<\/div>\n\t\t\t\t<div class=\"elementor-element elementor-element-0e9c263 elementor-widget elementor-widget-text-editor\" data-id=\"0e9c263\" data-element_type=\"widget\" data-widget_type=\"text-editor.default\">\n\t\t\t\t<div class=\"elementor-widget-container\">\n\t\t\t\t\t\t\t<p>\u00c8 un fumigante sotto forma di pastiglie combustibili che agisce grazie alla combustione (per utilizzarlo \u00e8 necessario dare fuoco al prodotto, spegnere le fiamme, attendere che l&#8217;intera tavoletta sia consumata e che i vapori abbiano riempito lo spazio igienizzato). Nel corso di diverse ore, il suo principio attivo riduce notevolmente la contaminazione batterica su tutte le superfici. Una prova effettuata con una singola compressa da 700 grammi in una camera sigillata, per combattere diversi tipi di microrganismi, ha mostrato una significativa riduzione dell&#8217;attivit\u00e0 microbica.<\/p>\t\t\t\t\t\t<\/div>\n\t\t\t\t<\/div>\n\t\t\t\t\t<\/div>\n\t\t\t\t<\/div>\n\t\t<div class=\"elementor-element elementor-element-d5fac26 e-con-boxed e-flex e-con\" data-id=\"d5fac26\" data-element_type=\"container\" data-settings=\"{&quot;content_width&quot;:&quot;boxed&quot;}\">\n\t\t\t\t\t<div class=\"e-con-inner\">\n\t\t\t\t<div class=\"elementor-element elementor-element-014f7a7 elementor-widget elementor-widget-heading\" data-id=\"014f7a7\" data-element_type=\"widget\" data-widget_type=\"heading.default\">\n\t\t\t\t<div class=\"elementor-widget-container\">\n\t\t\t<h2 class=\"elementor-heading-title elementor-size-default\">ET LORYSAN<\/h2>\t\t<\/div>\n\t\t\t\t<\/div>\n\t\t\t\t<div class=\"elementor-element elementor-element-0c2dddb elementor-widget elementor-widget-text-editor\" data-id=\"0c2dddb\" data-element_type=\"widget\" data-widget_type=\"text-editor.default\">\n\t\t\t\t<div class=\"elementor-widget-container\">\n\t\t\t\t\t\t\t<p>\u00c8 un biocida che contiene il complesso iodopovidone (povidone-iodio, PVP-I) come suo principio attivo. Questo mix permette alle molecole di esercitare meglio la sua attivit\u00e0 biocida sui microrganismi. Vanta un ampio spettro di attivit\u00e0 e agisce sia sui batteri gram-positivi che su quelli gram-negativi; opera anche sulle muffe e ne distrugge le spore. \u00c8 attivo anche per un tempo di contatto breve, da cinque a dieci minuti, anche se si consiglia di lasciarlo agire pi\u00f9 a lungo. Il prodotto va diluito con acqua allo 0,6-1,0% (6-10 ml per litro) e spruzzato su pareti e pavimenti; pu\u00f2 essere utilizzato anche per disinfettare strumenti e attrezzature per immersione.<\/p>\t\t\t\t\t\t<\/div>\n\t\t\t\t<\/div>\n\t\t\t\t\t<\/div>\n\t\t\t\t<\/div>\n\t\t\t\t<\/div>\n\t\t\t\t\t<\/div>\n\t\t\t\t<\/div>\n\t\t\t\t\t\t\t<\/div>\n\t\t","protected":false},"excerpt":{"rendered":"<p>Cleaning &#038; Disinfection La biosicurezza viene impiegata nelle aziende agricole e nelle industrie di rendering e pet food per creare le condizioni negli alloggi degli animali, nei processi di lavorazione delle farine e del prodotto finito volte a ridurre al minimo gli effetti negativi delle malattie, ottimizzando le prestazioni e il benessere degli animali e [&hellip;]<\/p>\n","protected":false},"author":1,"featured_media":0,"parent":210,"menu_order":1,"comment_status":"closed","ping_status":"closed","template":"","meta":{"footnotes":""},"class_list":["post-580","page","type-page","status-publish","hentry"],"_links":{"self":[{"href":"https:\/\/www.eurofeed.tech\/index.php?rest_route=\/wp\/v2\/pages\/580","targetHints":{"allow":["GET"]}}],"collection":[{"href":"https:\/\/www.eurofeed.tech\/index.php?rest_route=\/wp\/v2\/pages"}],"about":[{"href":"https:\/\/www.eurofeed.tech\/index.php?rest_route=\/wp\/v2\/types\/page"}],"author":[{"embeddable":true,"href":"https:\/\/www.eurofeed.tech\/index.php?rest_route=\/wp\/v2\/users\/1"}],"replies":[{"embeddable":true,"href":"https:\/\/www.eurofeed.tech\/index.php?rest_route=%2Fwp%2Fv2%2Fcomments&post=580"}],"version-history":[{"count":22,"href":"https:\/\/www.eurofeed.tech\/index.php?rest_route=\/wp\/v2\/pages\/580\/revisions"}],"predecessor-version":[{"id":1747,"href":"https:\/\/www.eurofeed.tech\/index.php?rest_route=\/wp\/v2\/pages\/580\/revisions\/1747"}],"up":[{"embeddable":true,"href":"https:\/\/www.eurofeed.tech\/index.php?rest_route=\/wp\/v2\/pages\/210"}],"wp:attachment":[{"href":"https:\/\/www.eurofeed.tech\/index.php?rest_route=%2Fwp%2Fv2%2Fmedia&parent=580"}],"curies":[{"name":"wp","href":"https:\/\/api.w.org\/{rel}","templated":true}]}}